{"id":666,"date":"2018-04-03T08:28:22","date_gmt":"2018-04-03T08:28:22","guid":{"rendered":"https:\/\/www.remming.co.rs\/dimocevni-kotlovi\/"},"modified":"2018-05-15T10:28:04","modified_gmt":"2018-05-15T10:28:04","slug":"chaudieres-a-tube-fumee","status":"publish","type":"page","link":"https:\/\/www.remming.co.rs\/fr\/chaudieres-a-tube-fumee\/","title":{"rendered":"Chaudi\u00e8res \u00e0 tube fum\u00e9e"},"content":{"rendered":"","protected":false},"excerpt":{"rendered":"Chaudi\u00e8res \u00e0 tube fum\u00e9e elles peuvent \u00eatre livr\u00e9 comme des chaudi\u00e8res HiFlux ou comme des chaudi\u00e8res standards.","protected":false},"author":1,"featured_media":0,"parent":0,"menu_order":0,"comment_status":"closed","ping_status":"closed","template":"","meta":{"_acf_changed":false,"inline_featured_image":false,"footnotes":""},"class_list":["post-666","page","type-page","status-publish","hentry"],"acf":[],"yoast_head":"<!-- This site is optimized with the Yoast SEO plugin v27.4 - https:\/\/yoast.com\/product\/yoast-seo-wordpress\/ -->\n<title>Chaudi\u00e8res \u00e0 tube fum\u00e9e - Remming<\/title>\n<meta name=\"robots\" content=\"index, follow, max-snippet:-1, max-image-preview:large, max-video-preview:-1\" \/>\n<link rel=\"canonical\" href=\"https:\/\/www.remming.co.rs\/fr\/chaudieres-a-tube-fumee\/\" \/>\n<meta property=\"og:locale\" content=\"fr_FR\" \/>\n<meta property=\"og:type\" content=\"article\" \/>\n<meta property=\"og:title\" content=\"Chaudi\u00e8res \u00e0 tube fum\u00e9e - Remming\" \/>\n<meta property=\"og:description\" content=\"Chaudi\u00e8res \u00e0 tube fum\u00e9e elles peuvent \u00eatre livr\u00e9 comme des chaudi\u00e8res HiFlux ou comme des chaudi\u00e8res standards.\" \/>\n<meta property=\"og:url\" content=\"https:\/\/www.remming.co.rs\/fr\/chaudieres-a-tube-fumee\/\" \/>\n<meta property=\"og:site_name\" content=\"Remming\" \/>\n<meta property=\"article:modified_time\" content=\"2018-05-15T10:28:04+00:00\" \/>\n<meta name=\"twitter:card\" content=\"summary_large_image\" \/>\n<script type=\"application\/ld+json\" class=\"yoast-schema-graph\">{\"@context\":\"https:\\\/\\\/schema.org\",\"@graph\":[{\"@type\":\"WebPage\",\"@id\":\"https:\\\/\\\/www.remming.co.rs\\\/fr\\\/chaudieres-a-tube-fumee\\\/\",\"url\":\"https:\\\/\\\/www.remming.co.rs\\\/fr\\\/chaudieres-a-tube-fumee\\\/\",\"name\":\"Chaudi\u00e8res \u00e0 tube fum\u00e9e - Remming\",\"isPartOf\":{\"@id\":\"https:\\\/\\\/www.remming.co.rs\\\/#website\"},\"datePublished\":\"2018-04-03T08:28:22+00:00\",\"dateModified\":\"2018-05-15T10:28:04+00:00\",\"inLanguage\":\"fr-FR\",\"potentialAction\":[{\"@type\":\"ReadAction\",\"target\":[\"https:\\\/\\\/www.remming.co.rs\\\/fr\\\/chaudieres-a-tube-fumee\\\/\"]}]},{\"@type\":\"WebSite\",\"@id\":\"https:\\\/\\\/www.remming.co.rs\\\/#website\",\"url\":\"https:\\\/\\\/www.remming.co.rs\\\/\",\"name\":\"Remming\",\"description\":\"\",\"potentialAction\":[{\"@type\":\"SearchAction\",\"target\":{\"@type\":\"EntryPoint\",\"urlTemplate\":\"https:\\\/\\\/www.remming.co.rs\\\/?s={search_term_string}\"},\"query-input\":{\"@type\":\"PropertyValueSpecification\",\"valueRequired\":true,\"valueName\":\"search_term_string\"}}],\"inLanguage\":\"fr-FR\"}]}<\/script>\n<!-- \/ Yoast SEO plugin. -->","yoast_head_json":{"title":"Chaudi\u00e8res \u00e0 tube fum\u00e9e - Remming","robots":{"index":"index","follow":"follow","max-snippet":"max-snippet:-1","max-image-preview":"max-image-preview:large","max-video-preview":"max-video-preview:-1"},"canonical":"https:\/\/www.remming.co.rs\/fr\/chaudieres-a-tube-fumee\/","og_locale":"fr_FR","og_type":"article","og_title":"Chaudi\u00e8res \u00e0 tube fum\u00e9e - Remming","og_description":"Chaudi\u00e8res \u00e0 tube fum\u00e9e elles peuvent \u00eatre livr\u00e9 comme des chaudi\u00e8res HiFlux ou comme des chaudi\u00e8res standards.","og_url":"https:\/\/www.remming.co.rs\/fr\/chaudieres-a-tube-fumee\/","og_site_name":"Remming","article_modified_time":"2018-05-15T10:28:04+00:00","twitter_card":"summary_large_image","schema":{"@context":"https:\/\/schema.org","@graph":[{"@type":"WebPage","@id":"https:\/\/www.remming.co.rs\/fr\/chaudieres-a-tube-fumee\/","url":"https:\/\/www.remming.co.rs\/fr\/chaudieres-a-tube-fumee\/","name":"Chaudi\u00e8res \u00e0 tube fum\u00e9e - Remming","isPartOf":{"@id":"https:\/\/www.remming.co.rs\/#website"},"datePublished":"2018-04-03T08:28:22+00:00","dateModified":"2018-05-15T10:28:04+00:00","inLanguage":"fr-FR","potentialAction":[{"@type":"ReadAction","target":["https:\/\/www.remming.co.rs\/fr\/chaudieres-a-tube-fumee\/"]}]},{"@type":"WebSite","@id":"https:\/\/www.remming.co.rs\/#website","url":"https:\/\/www.remming.co.rs\/","name":"Remming","description":"","potentialAction":[{"@type":"SearchAction","target":{"@type":"EntryPoint","urlTemplate":"https:\/\/www.remming.co.rs\/?s={search_term_string}"},"query-input":{"@type":"PropertyValueSpecification","valueRequired":true,"valueName":"search_term_string"}}],"inLanguage":"fr-FR"}]}},"_links":{"self":[{"href":"https:\/\/www.remming.co.rs\/fr\/wp-json\/wp\/v2\/pages\/666","targetHints":{"allow":["GET"]}}],"collection":[{"href":"https:\/\/www.remming.co.rs\/fr\/wp-json\/wp\/v2\/pages"}],"about":[{"href":"https:\/\/www.remming.co.rs\/fr\/wp-json\/wp\/v2\/types\/page"}],"author":[{"embeddable":true,"href":"https:\/\/www.remming.co.rs\/fr\/wp-json\/wp\/v2\/users\/1"}],"replies":[{"embeddable":true,"href":"https:\/\/www.remming.co.rs\/fr\/wp-json\/wp\/v2\/comments?post=666"}],"version-history":[{"count":5,"href":"https:\/\/www.remming.co.rs\/fr\/wp-json\/wp\/v2\/pages\/666\/revisions"}],"predecessor-version":[{"id":1420,"href":"https:\/\/www.remming.co.rs\/fr\/wp-json\/wp\/v2\/pages\/666\/revisions\/1420"}],"wp:attachment":[{"href":"https:\/\/www.remming.co.rs\/fr\/wp-json\/wp\/v2\/media?parent=666"}],"curies":[{"name":"wp","href":"https:\/\/api.w.org\/{rel}","templated":true}]}}