{"id":1118,"date":"2018-04-24T13:37:28","date_gmt":"2018-04-24T13:37:28","guid":{"rendered":"https:\/\/www.remming.co.rs\/?page_id=1118"},"modified":"2018-04-25T12:43:45","modified_gmt":"2018-04-25T12:43:45","slug":"en-exploitation","status":"publish","type":"page","link":"https:\/\/www.remming.co.rs\/fr\/page-daccueil\/en-exploitation\/","title":{"rendered":"En exploitation"},"content":{"rendered":"","protected":false},"excerpt":{"rendered":"Les chaudi\u00e8res Remming sont con\u00e7ues pour fonctionner avec une charge variable et une production rapide, ce qui est particuli\u00e8rement important dans un syst\u00e8me \u00e0 carburant h\u00e9t\u00e9rog\u00e8ne (ex. Incin\u00e9rateur). En outre, Remming ERK construction est con\u00e7u pour fonctionner avec la cog\u00e9n\u00e9ration d\u2019\u00e9nergie.","protected":false},"author":1,"featured_media":0,"parent":527,"menu_order":0,"comment_status":"closed","ping_status":"closed","template":"","meta":{"_acf_changed":false,"inline_featured_image":false,"footnotes":""},"class_list":["post-1118","page","type-page","status-publish","hentry"],"acf":[],"yoast_head":"<!-- This site is optimized with the Yoast SEO plugin v27.4 - https:\/\/yoast.com\/product\/yoast-seo-wordpress\/ -->\n<title>En exploitation - Remming<\/title>\n<meta name=\"robots\" content=\"index, follow, max-snippet:-1, max-image-preview:large, max-video-preview:-1\" \/>\n<link rel=\"canonical\" href=\"https:\/\/www.remming.co.rs\/fr\/page-daccueil\/en-exploitation\/\" \/>\n<meta property=\"og:locale\" content=\"fr_FR\" \/>\n<meta property=\"og:type\" content=\"article\" \/>\n<meta property=\"og:title\" content=\"En exploitation - Remming\" \/>\n<meta property=\"og:description\" content=\"Les chaudi\u00e8res Remming sont con\u00e7ues pour fonctionner avec une charge variable et une production rapide, ce qui est particuli\u00e8rement important dans un syst\u00e8me \u00e0 carburant h\u00e9t\u00e9rog\u00e8ne (ex. Incin\u00e9rateur). En outre, Remming ERK construction est con\u00e7u pour fonctionner avec la cog\u00e9n\u00e9ration d\u2019\u00e9nergie.\" \/>\n<meta property=\"og:url\" content=\"https:\/\/www.remming.co.rs\/fr\/page-daccueil\/en-exploitation\/\" \/>\n<meta property=\"og:site_name\" content=\"Remming\" \/>\n<meta property=\"article:modified_time\" content=\"2018-04-25T12:43:45+00:00\" \/>\n<meta name=\"twitter:card\" content=\"summary_large_image\" \/>\n<script type=\"application\/ld+json\" class=\"yoast-schema-graph\">{\"@context\":\"https:\\\/\\\/schema.org\",\"@graph\":[{\"@type\":\"WebPage\",\"@id\":\"https:\\\/\\\/www.remming.co.rs\\\/fr\\\/page-daccueil\\\/en-exploitation\\\/\",\"url\":\"https:\\\/\\\/www.remming.co.rs\\\/fr\\\/page-daccueil\\\/en-exploitation\\\/\",\"name\":\"En exploitation - Remming\",\"isPartOf\":{\"@id\":\"https:\\\/\\\/www.remming.co.rs\\\/#website\"},\"datePublished\":\"2018-04-24T13:37:28+00:00\",\"dateModified\":\"2018-04-25T12:43:45+00:00\",\"breadcrumb\":{\"@id\":\"https:\\\/\\\/www.remming.co.rs\\\/fr\\\/page-daccueil\\\/en-exploitation\\\/#breadcrumb\"},\"inLanguage\":\"fr-FR\",\"potentialAction\":[{\"@type\":\"ReadAction\",\"target\":[\"https:\\\/\\\/www.remming.co.rs\\\/fr\\\/page-daccueil\\\/en-exploitation\\\/\"]}]},{\"@type\":\"BreadcrumbList\",\"@id\":\"https:\\\/\\\/www.remming.co.rs\\\/fr\\\/page-daccueil\\\/en-exploitation\\\/#breadcrumb\",\"itemListElement\":[{\"@type\":\"ListItem\",\"position\":1,\"name\":\"Page d&#8217;accueil\",\"item\":\"https:\\\/\\\/www.remming.co.rs\\\/fr\\\/\"},{\"@type\":\"ListItem\",\"position\":2,\"name\":\"En exploitation\"}]},{\"@type\":\"WebSite\",\"@id\":\"https:\\\/\\\/www.remming.co.rs\\\/#website\",\"url\":\"https:\\\/\\\/www.remming.co.rs\\\/\",\"name\":\"Remming\",\"description\":\"\",\"potentialAction\":[{\"@type\":\"SearchAction\",\"target\":{\"@type\":\"EntryPoint\",\"urlTemplate\":\"https:\\\/\\\/www.remming.co.rs\\\/?s={search_term_string}\"},\"query-input\":{\"@type\":\"PropertyValueSpecification\",\"valueRequired\":true,\"valueName\":\"search_term_string\"}}],\"inLanguage\":\"fr-FR\"}]}<\/script>\n<!-- \/ Yoast SEO plugin. -->","yoast_head_json":{"title":"En exploitation - Remming","robots":{"index":"index","follow":"follow","max-snippet":"max-snippet:-1","max-image-preview":"max-image-preview:large","max-video-preview":"max-video-preview:-1"},"canonical":"https:\/\/www.remming.co.rs\/fr\/page-daccueil\/en-exploitation\/","og_locale":"fr_FR","og_type":"article","og_title":"En exploitation - Remming","og_description":"Les chaudi\u00e8res Remming sont con\u00e7ues pour fonctionner avec une charge variable et une production rapide, ce qui est particuli\u00e8rement important dans un syst\u00e8me \u00e0 carburant h\u00e9t\u00e9rog\u00e8ne (ex. Incin\u00e9rateur). En outre, Remming ERK construction est con\u00e7u pour fonctionner avec la cog\u00e9n\u00e9ration d\u2019\u00e9nergie.","og_url":"https:\/\/www.remming.co.rs\/fr\/page-daccueil\/en-exploitation\/","og_site_name":"Remming","article_modified_time":"2018-04-25T12:43:45+00:00","twitter_card":"summary_large_image","schema":{"@context":"https:\/\/schema.org","@graph":[{"@type":"WebPage","@id":"https:\/\/www.remming.co.rs\/fr\/page-daccueil\/en-exploitation\/","url":"https:\/\/www.remming.co.rs\/fr\/page-daccueil\/en-exploitation\/","name":"En exploitation - Remming","isPartOf":{"@id":"https:\/\/www.remming.co.rs\/#website"},"datePublished":"2018-04-24T13:37:28+00:00","dateModified":"2018-04-25T12:43:45+00:00","breadcrumb":{"@id":"https:\/\/www.remming.co.rs\/fr\/page-daccueil\/en-exploitation\/#breadcrumb"},"inLanguage":"fr-FR","potentialAction":[{"@type":"ReadAction","target":["https:\/\/www.remming.co.rs\/fr\/page-daccueil\/en-exploitation\/"]}]},{"@type":"BreadcrumbList","@id":"https:\/\/www.remming.co.rs\/fr\/page-daccueil\/en-exploitation\/#breadcrumb","itemListElement":[{"@type":"ListItem","position":1,"name":"Page d&#8217;accueil","item":"https:\/\/www.remming.co.rs\/fr\/"},{"@type":"ListItem","position":2,"name":"En exploitation"}]},{"@type":"WebSite","@id":"https:\/\/www.remming.co.rs\/#website","url":"https:\/\/www.remming.co.rs\/","name":"Remming","description":"","potentialAction":[{"@type":"SearchAction","target":{"@type":"EntryPoint","urlTemplate":"https:\/\/www.remming.co.rs\/?s={search_term_string}"},"query-input":{"@type":"PropertyValueSpecification","valueRequired":true,"valueName":"search_term_string"}}],"inLanguage":"fr-FR"}]}},"_links":{"self":[{"href":"https:\/\/www.remming.co.rs\/fr\/wp-json\/wp\/v2\/pages\/1118","targetHints":{"allow":["GET"]}}],"collection":[{"href":"https:\/\/www.remming.co.rs\/fr\/wp-json\/wp\/v2\/pages"}],"about":[{"href":"https:\/\/www.remming.co.rs\/fr\/wp-json\/wp\/v2\/types\/page"}],"author":[{"embeddable":true,"href":"https:\/\/www.remming.co.rs\/fr\/wp-json\/wp\/v2\/users\/1"}],"replies":[{"embeddable":true,"href":"https:\/\/www.remming.co.rs\/fr\/wp-json\/wp\/v2\/comments?post=1118"}],"version-history":[{"count":2,"href":"https:\/\/www.remming.co.rs\/fr\/wp-json\/wp\/v2\/pages\/1118\/revisions"}],"predecessor-version":[{"id":1198,"href":"https:\/\/www.remming.co.rs\/fr\/wp-json\/wp\/v2\/pages\/1118\/revisions\/1198"}],"up":[{"embeddable":true,"href":"https:\/\/www.remming.co.rs\/fr\/wp-json\/wp\/v2\/pages\/527"}],"wp:attachment":[{"href":"https:\/\/www.remming.co.rs\/fr\/wp-json\/wp\/v2\/media?parent=1118"}],"curies":[{"name":"wp","href":"https:\/\/api.w.org\/{rel}","templated":true}]}}