{"id":628,"date":"2018-04-17T08:00:44","date_gmt":"2018-04-17T08:00:44","guid":{"rendered":"https:\/\/www.remming.co.rs\/projektovanje\/"},"modified":"2018-04-25T11:47:49","modified_gmt":"2018-04-25T11:47:49","slug":"planung-und-projektierung","status":"publish","type":"page","link":"https:\/\/www.remming.co.rs\/de\/andere-produkte\/planung-und-projektierung\/","title":{"rendered":"Planung und <br>Projektierung"},"content":{"rendered":"","protected":false},"excerpt":{"rendered":"Das Projektb\u00fcro der Fa. Remmig d.o.o. bildet ein Team erfahrener Maschinenbauingeneure mit langj\u00e4hriger Erfahrung in Sachen Planung und Projektierung komplexester Industrieanlagen mit besonderem Schwerpunkt auf Kesselanlagen f\u00fcr Heizwerke, \u00d6l- (\u00d6lraffinerien) Zuckerfabriken und Destillerien. Die B\u00fcros in Beocin, bieten dem Ingenieurteam die M\u00f6glichkeit, den kompletten Produktionsprozess vom \u201eZeichenbrett\u201c \u00fcber die Produktion bis hin zur Beladung des Fertigprodukts zu \u00fcberwachen und zu steuern. Das weitreichende Wissen und die langj\u00e4hrige Erfahrung von f\u00fchrenden Ingenieuren bedeuten, dass keine Anfrage zu komplex f\u00fcr unser Expertenteam ist.","protected":false},"author":1,"featured_media":0,"parent":663,"menu_order":8,"comment_status":"closed","ping_status":"closed","template":"","meta":{"_acf_changed":false,"inline_featured_image":false,"footnotes":""},"class_list":["post-628","page","type-page","status-publish","hentry"],"acf":[],"yoast_head":"<!-- This site is optimized with the Yoast SEO plugin v27.4 - https:\/\/yoast.com\/product\/yoast-seo-wordpress\/ -->\n<title>Planung und Projektierung - Remming<\/title>\n<meta name=\"robots\" content=\"index, follow, max-snippet:-1, max-image-preview:large, max-video-preview:-1\" \/>\n<link rel=\"canonical\" href=\"https:\/\/www.remming.co.rs\/de\/andere-produkte\/planung-und-projektierung\/\" \/>\n<meta property=\"og:locale\" content=\"de_DE\" \/>\n<meta property=\"og:type\" content=\"article\" \/>\n<meta property=\"og:title\" content=\"Planung und Projektierung - Remming\" \/>\n<meta property=\"og:description\" content=\"Das Projektb\u00fcro der Fa. Remmig d.o.o. bildet ein Team erfahrener Maschinenbauingeneure mit langj\u00e4hriger Erfahrung in Sachen Planung und Projektierung komplexester Industrieanlagen mit besonderem Schwerpunkt auf Kesselanlagen f\u00fcr Heizwerke, \u00d6l- (\u00d6lraffinerien) Zuckerfabriken und Destillerien. Die B\u00fcros in Beocin, bieten dem Ingenieurteam die M\u00f6glichkeit, den kompletten Produktionsprozess vom \u201eZeichenbrett\u201c \u00fcber die Produktion bis hin zur Beladung des Fertigprodukts zu \u00fcberwachen und zu steuern. Das weitreichende Wissen und die langj\u00e4hrige Erfahrung von f\u00fchrenden Ingenieuren bedeuten, dass keine Anfrage zu komplex f\u00fcr unser Expertenteam ist.\" \/>\n<meta property=\"og:url\" content=\"https:\/\/www.remming.co.rs\/de\/andere-produkte\/planung-und-projektierung\/\" \/>\n<meta property=\"og:site_name\" content=\"Remming\" \/>\n<meta property=\"article:modified_time\" content=\"2018-04-25T11:47:49+00:00\" \/>\n<meta name=\"twitter:card\" content=\"summary_large_image\" \/>\n<script type=\"application\/ld+json\" class=\"yoast-schema-graph\">{\"@context\":\"https:\\\/\\\/schema.org\",\"@graph\":[{\"@type\":\"WebPage\",\"@id\":\"https:\\\/\\\/www.remming.co.rs\\\/de\\\/andere-produkte\\\/planung-und-projektierung\\\/\",\"url\":\"https:\\\/\\\/www.remming.co.rs\\\/de\\\/andere-produkte\\\/planung-und-projektierung\\\/\",\"name\":\"Planung und Projektierung - Remming\",\"isPartOf\":{\"@id\":\"https:\\\/\\\/www.remming.co.rs\\\/#website\"},\"datePublished\":\"2018-04-17T08:00:44+00:00\",\"dateModified\":\"2018-04-25T11:47:49+00:00\",\"breadcrumb\":{\"@id\":\"https:\\\/\\\/www.remming.co.rs\\\/de\\\/andere-produkte\\\/planung-und-projektierung\\\/#breadcrumb\"},\"inLanguage\":\"de\",\"potentialAction\":[{\"@type\":\"ReadAction\",\"target\":[\"https:\\\/\\\/www.remming.co.rs\\\/de\\\/andere-produkte\\\/planung-und-projektierung\\\/\"]}]},{\"@type\":\"BreadcrumbList\",\"@id\":\"https:\\\/\\\/www.remming.co.rs\\\/de\\\/andere-produkte\\\/planung-und-projektierung\\\/#breadcrumb\",\"itemListElement\":[{\"@type\":\"ListItem\",\"position\":1,\"name\":\"Andere Produkte\",\"item\":\"https:\\\/\\\/www.remming.co.rs\\\/de\\\/andere-produkte\\\/\"},{\"@type\":\"ListItem\",\"position\":2,\"name\":\"Planung und Projektierung\"}]},{\"@type\":\"WebSite\",\"@id\":\"https:\\\/\\\/www.remming.co.rs\\\/#website\",\"url\":\"https:\\\/\\\/www.remming.co.rs\\\/\",\"name\":\"Remming\",\"description\":\"\",\"potentialAction\":[{\"@type\":\"SearchAction\",\"target\":{\"@type\":\"EntryPoint\",\"urlTemplate\":\"https:\\\/\\\/www.remming.co.rs\\\/?s={search_term_string}\"},\"query-input\":{\"@type\":\"PropertyValueSpecification\",\"valueRequired\":true,\"valueName\":\"search_term_string\"}}],\"inLanguage\":\"de\"}]}<\/script>\n<!-- \/ Yoast SEO plugin. -->","yoast_head_json":{"title":"Planung und Projektierung - Remming","robots":{"index":"index","follow":"follow","max-snippet":"max-snippet:-1","max-image-preview":"max-image-preview:large","max-video-preview":"max-video-preview:-1"},"canonical":"https:\/\/www.remming.co.rs\/de\/andere-produkte\/planung-und-projektierung\/","og_locale":"de_DE","og_type":"article","og_title":"Planung und Projektierung - Remming","og_description":"Das Projektb\u00fcro der Fa. Remmig d.o.o. bildet ein Team erfahrener Maschinenbauingeneure mit langj\u00e4hriger Erfahrung in Sachen Planung und Projektierung komplexester Industrieanlagen mit besonderem Schwerpunkt auf Kesselanlagen f\u00fcr Heizwerke, \u00d6l- (\u00d6lraffinerien) Zuckerfabriken und Destillerien. Die B\u00fcros in Beocin, bieten dem Ingenieurteam die M\u00f6glichkeit, den kompletten Produktionsprozess vom \u201eZeichenbrett\u201c \u00fcber die Produktion bis hin zur Beladung des Fertigprodukts zu \u00fcberwachen und zu steuern. Das weitreichende Wissen und die langj\u00e4hrige Erfahrung von f\u00fchrenden Ingenieuren bedeuten, dass keine Anfrage zu komplex f\u00fcr unser Expertenteam ist.","og_url":"https:\/\/www.remming.co.rs\/de\/andere-produkte\/planung-und-projektierung\/","og_site_name":"Remming","article_modified_time":"2018-04-25T11:47:49+00:00","twitter_card":"summary_large_image","schema":{"@context":"https:\/\/schema.org","@graph":[{"@type":"WebPage","@id":"https:\/\/www.remming.co.rs\/de\/andere-produkte\/planung-und-projektierung\/","url":"https:\/\/www.remming.co.rs\/de\/andere-produkte\/planung-und-projektierung\/","name":"Planung und Projektierung - Remming","isPartOf":{"@id":"https:\/\/www.remming.co.rs\/#website"},"datePublished":"2018-04-17T08:00:44+00:00","dateModified":"2018-04-25T11:47:49+00:00","breadcrumb":{"@id":"https:\/\/www.remming.co.rs\/de\/andere-produkte\/planung-und-projektierung\/#breadcrumb"},"inLanguage":"de","potentialAction":[{"@type":"ReadAction","target":["https:\/\/www.remming.co.rs\/de\/andere-produkte\/planung-und-projektierung\/"]}]},{"@type":"BreadcrumbList","@id":"https:\/\/www.remming.co.rs\/de\/andere-produkte\/planung-und-projektierung\/#breadcrumb","itemListElement":[{"@type":"ListItem","position":1,"name":"Andere Produkte","item":"https:\/\/www.remming.co.rs\/de\/andere-produkte\/"},{"@type":"ListItem","position":2,"name":"Planung und Projektierung"}]},{"@type":"WebSite","@id":"https:\/\/www.remming.co.rs\/#website","url":"https:\/\/www.remming.co.rs\/","name":"Remming","description":"","potentialAction":[{"@type":"SearchAction","target":{"@type":"EntryPoint","urlTemplate":"https:\/\/www.remming.co.rs\/?s={search_term_string}"},"query-input":{"@type":"PropertyValueSpecification","valueRequired":true,"valueName":"search_term_string"}}],"inLanguage":"de"}]}},"_links":{"self":[{"href":"https:\/\/www.remming.co.rs\/de\/wp-json\/wp\/v2\/pages\/628","targetHints":{"allow":["GET"]}}],"collection":[{"href":"https:\/\/www.remming.co.rs\/de\/wp-json\/wp\/v2\/pages"}],"about":[{"href":"https:\/\/www.remming.co.rs\/de\/wp-json\/wp\/v2\/types\/page"}],"author":[{"embeddable":true,"href":"https:\/\/www.remming.co.rs\/de\/wp-json\/wp\/v2\/users\/1"}],"replies":[{"embeddable":true,"href":"https:\/\/www.remming.co.rs\/de\/wp-json\/wp\/v2\/comments?post=628"}],"version-history":[{"count":4,"href":"https:\/\/www.remming.co.rs\/de\/wp-json\/wp\/v2\/pages\/628\/revisions"}],"predecessor-version":[{"id":1197,"href":"https:\/\/www.remming.co.rs\/de\/wp-json\/wp\/v2\/pages\/628\/revisions\/1197"}],"up":[{"embeddable":true,"href":"https:\/\/www.remming.co.rs\/de\/wp-json\/wp\/v2\/pages\/663"}],"wp:attachment":[{"href":"https:\/\/www.remming.co.rs\/de\/wp-json\/wp\/v2\/media?parent=628"}],"curies":[{"name":"wp","href":"https:\/\/api.w.org\/{rel}","templated":true}]}}